{"id":18335,"date":"2024-04-18T07:16:45","date_gmt":"2024-04-18T07:16:45","guid":{"rendered":"https:\/\/furniture-products.leadingsoft.eu\/product\/colonial-baluster-cb1\/"},"modified":"2024-05-30T11:15:17","modified_gmt":"2024-05-30T11:15:17","slug":"colonial-baluster-cb1","status":"publish","type":"product","link":"https:\/\/furnitureproducers.com\/en\/product\/colonial-baluster-cb1\/","title":{"rendered":"Colonial baluster CB1"},"content":{"rendered":"<p>Acest tip de st\u00e2lp are o singur\u0103 spiral\u0103, este produs 60% cu o ma\u0219in\u0103 de t\u00e2mpl\u0103rie (proiectare \u015fi construc\u0163ie proprie ) iar 40% prelucrat \u015fi finisat manual. Pe partea superioar\u0103 se g\u0103se\u015fte un p\u0103trat \u015fi un glob strunjit. Este ideal pentru scari interioare, confera originalitate ambiantei in care locuiti datorita faptului ca elementul de mobila din lemn masiv de fag este personalizabil. Astfel dimensiunile, culoarea si materia prima pot fi schimbate la alegerea dumneavoastra. Va asteptam cu drag in tamplaria noastra.<\/p>\n","protected":false},"excerpt":{"rendered":"<p>Acest tip de st\u00e2lp are o singur\u0103 spiral\u0103, este produs 60% cu o ma\u0219in\u0103 de t\u00e2mpl\u0103rie (proiectare \u015fi construc\u0163ie proprie [&hellip;]<\/p>\n","protected":false},"featured_media":11488,"comment_status":"closed","ping_status":"open","template":"","meta":{"site-sidebar-layout":"default","site-content-layout":"","ast-site-content-layout":"","site-content-style":"default","site-sidebar-style":"default","ast-global-header-display":"","ast-banner-title-visibility":"","ast-main-header-display":"","ast-hfb-above-header-display":"","ast-hfb-below-header-display":"","ast-hfb-mobile-header-display":"","site-post-title":"","ast-breadcrumbs-content":"","ast-featured-img":"","footer-sml-layout":"","theme-transparent-header-meta":"","adv-header-id-meta":"","stick-header-meta":"","header-above-stick-meta":"","header-main-stick-meta":"","header-below-stick-meta":"","astra-migrate-meta-layouts":"default","ast-page-background-enabled":"default","ast-page-background-meta":{"desktop":{"background-color":"var(--ast-global-color-4)","background-image":"","background-repeat":"repeat","background-position":"center center","background-size":"auto","background-attachment":"scroll","background-type":"","background-media":"","overlay-type":"","overlay-color":"","overlay-gradient":""},"tablet":{"background-color":"","background-image":"","background-repeat":"repeat","background-position":"center center","background-size":"auto","background-attachment":"scroll","background-type":"","background-media":"","overlay-type":"","overlay-color":"","overlay-gradient":""},"mobile":{"background-color":"","background-image":"","background-repeat":"repeat","background-position":"center center","background-size":"auto","background-attachment":"scroll","background-type":"","background-media":"","overlay-type":"","overlay-color":"","overlay-gradient":""}},"ast-content-background-meta":{"desktop":{"background-color":"var(--ast-global-color-5)","background-image":"","background-repeat":"repeat","background-position":"center center","background-size":"auto","background-attachment":"scroll","background-type":"","background-media":"","overlay-type":"","overlay-color":"","overlay-gradient":""},"tablet":{"background-color":"var(--ast-global-color-5)","background-image":"","background-repeat":"repeat","background-position":"center center","background-size":"auto","background-attachment":"scroll","background-type":"","background-media":"","overlay-type":"","overlay-color":"","overlay-gradient":""},"mobile":{"background-color":"var(--ast-global-color-5)","background-image":"","background-repeat":"repeat","background-position":"center center","background-size":"auto","background-attachment":"scroll","background-type":"","background-media":"","overlay-type":"","overlay-color":"","overlay-gradient":""}}},"product_cat":[1246,1243],"product_tag":[],"class_list":{"0":"post-18335","1":"product","2":"type-product","3":"status-publish","4":"has-post-thumbnail","6":"product_cat-balusters","7":"product_cat-stairs-floors","8":"pa_color-natural-finish","9":"pa_dimension-diametru-6-cm-inaltime-92-cm-diametru-8-cm-inaltime-92-cm","10":"pa_space-horeca-bedroom","11":"pa_style-classic","12":"desktop-align-left","13":"tablet-align-left","14":"mobile-align-left","16":"first","17":"instock","18":"purchasable","19":"product-type-simple"},"_links":{"self":[{"href":"https:\/\/furnitureproducers.com\/en\/wp-json\/wp\/v2\/product\/18335","targetHints":{"allow":["GET"]}}],"collection":[{"href":"https:\/\/furnitureproducers.com\/en\/wp-json\/wp\/v2\/product"}],"about":[{"href":"https:\/\/furnitureproducers.com\/en\/wp-json\/wp\/v2\/types\/product"}],"replies":[{"embeddable":true,"href":"https:\/\/furnitureproducers.com\/en\/wp-json\/wp\/v2\/comments?post=18335"}],"wp:featuredmedia":[{"embeddable":true,"href":"https:\/\/furnitureproducers.com\/en\/wp-json\/wp\/v2\/media\/11488"}],"wp:attachment":[{"href":"https:\/\/furnitureproducers.com\/en\/wp-json\/wp\/v2\/media?parent=18335"}],"wp:term":[{"taxonomy":"product_cat","embeddable":true,"href":"https:\/\/furnitureproducers.com\/en\/wp-json\/wp\/v2\/product_cat?post=18335"},{"taxonomy":"product_tag","embeddable":true,"href":"https:\/\/furnitureproducers.com\/en\/wp-json\/wp\/v2\/product_tag?post=18335"}],"curies":[{"name":"wp","href":"https:\/\/api.w.org\/{rel}","templated":true}]}}